{"id":79,"date":"2025-01-27T18:11:18","date_gmt":"2025-01-27T18:11:18","guid":{"rendered":"http:\/\/www.danismanlikmes.com\/?page_id=79"},"modified":"2025-03-27T07:51:10","modified_gmt":"2025-03-27T07:51:10","slug":"referanslarimiz","status":"publish","type":"page","link":"https:\/\/www.danismanlikmes.com\/index.php\/referanslarimiz\/","title":{"rendered":"Referanslar"},"content":{"rendered":"<p>Referanslar\u0131m\u0131z<br \/>\nKuruldu\u011fumuz g\u00fcnden bu yana bir\u00e7ok i\u015fletmeye mesleki geli\u015fim, belgelendirme ve te\u015fvik s\u00fcre\u00e7lerinde profesyonel hizmetler sunarak yanlar\u0131nda yer ald\u0131k. Farkl\u0131 sekt\u00f6rlerde faaliyet g\u00f6steren firmalar\u0131n ihtiya\u00e7lar\u0131na \u00f6zel \u00e7\u00f6z\u00fcmler \u00fcreterek, onlar\u0131n hedeflerine ula\u015fmalar\u0131nda katk\u0131da bulunmaktan gurur duyuyoruz.<\/p>\n<p>\u00c7\u00f6z\u00fcm orta\u011f\u0131 oldu\u011fumuz i\u015fletmeler aras\u0131nda \u015funlar yer almaktad\u0131r:<\/p>\n<p>\u00dcretim ve sanayi sekt\u00f6r\u00fcnde faaliyet g\u00f6steren fabrikalar,<br \/>\nHizmet sekt\u00f6r\u00fc ve k\u00fc\u00e7\u00fck \u00f6l\u00e7ekli i\u015fletmeler,<br \/>\nTeknik e\u011fitim kurumlar\u0131 ve mesleki kurulu\u015flar,<br \/>\nKamu te\u015fviklerinden yararlanan \u00e7e\u015fitli ticari i\u015fletmeler.<br \/>\nReferanslar\u0131m\u0131z aras\u0131nda, sundu\u011fumuz hizmetlerin kalitesini ve i\u015fimize duydu\u011fumuz ba\u011fl\u0131l\u0131\u011f\u0131 kan\u0131tlayan pek \u00e7ok ba\u015far\u0131l\u0131 i\u015f birli\u011fi bulunmaktad\u0131r. E\u011fitim, dan\u0131\u015fmanl\u0131k ve te\u015fvik s\u00fcre\u00e7lerinde sa\u011flad\u0131\u011f\u0131m\u0131z \u00e7\u00f6z\u00fcmlerle, i\u015f ortaklar\u0131m\u0131z\u0131n sekt\u00f6rdeki konumlar\u0131n\u0131 g\u00fc\u00e7lendirmelerine destek oluyoruz.<\/p>\n<p>M\u00fc\u015fterilerimizle uzun soluklu ve g\u00fcvene dayal\u0131 ili\u015fkiler kurmay\u0131 hedefliyoruz. Yapt\u0131\u011f\u0131m\u0131z \u00e7al\u0131\u015fmalar\u0131n ba\u015far\u0131s\u0131, m\u00fc\u015fterilerimizin memnuniyetinden ve bizimle yeniden \u00e7al\u0131\u015fma iste\u011finden anla\u015f\u0131lmaktad\u0131r.<\/p>\n<p>E\u011fer i\u015f birli\u011fi yapt\u0131\u011f\u0131m\u0131z i\u015fletmelerin ba\u015far\u0131 hikayelerini \u00f6\u011frenmek isterseniz, bizimle ileti\u015fime ge\u00e7erek daha fazla bilgi alabilirsiniz. \u0130\u015f d\u00fcnyas\u0131na de\u011fer katan firmalarla birlikte b\u00fcy\u00fcmekten gurur duyuyoruz.<\/p>\n<p>\u00c7al\u0131\u015ft\u0131\u011f\u0131m\u0131z bir ka\u00e7 firmam\u0131z<\/p>\n\n\n<center><figure class=\"wp-block-image\"><img decoding=\"async\" src=\"http:\/\/www.danismanlikmes.com\/wp-content\/uploads\/2025\/01\/kaplanlar-blog.webp\" alt=\"\" class=\"wp-image-97\"width=\"300\" height=\"250\" srcset=\"https:\/\/www.danismanlikmes.com\/wp-content\/uploads\/2025\/01\/kaplanlar-blog.webp 360w, https:\/\/www.danismanlikmes.com\/wp-content\/uploads\/2025\/01\/kaplanlar-blog-300x200.webp 300w\" sizes=\"(max-width: 360px) 100vw, 360px\" \/><\/figure><\/center>\n\n\n\n<center><figure class=\"wp-block-image\"><img loading=\"lazy\" decoding=\"async\" src=\"http:\/\/www.danismanlikmes.com\/wp-content\/uploads\/2025\/01\/sofra.jpg\" alt=\"\" class=\"wp-image-98\" width=\"300\" height=\"250\" \/><\/center><\/figure>\n\n\n\n<center><figure class=\"wp-block-image\"><img loading=\"lazy\" decoding=\"async\" src=\"http:\/\/www.danismanlikmes.com\/wp-content\/uploads\/2025\/01\/akyapak-scaled.jpg\" alt=\"\" class=\"wp-image-99\"\/ width=\"300\" height=\"250\"><\/figure><\/center>\n\n\n\n<center><figure class=\"wp-block-image\"><img loading=\"lazy\" decoding=\"async\" src=\"http:\/\/www.danismanlikmes.com\/wp-content\/uploads\/2025\/01\/Kerevitas.png\" alt=\"\" class=\"wp-image-100\"\/ width=\"300\" height=\"250\"><\/figure><\/center>\n\n\n\n<center><figure class=\"wp-block-image\"><img loading=\"lazy\" decoding=\"async\" src=\"http:\/\/www.danismanlikmes.com\/wp-content\/uploads\/2025\/01\/yepsan-yedek-parca.jpg\" alt=\"\" class=\"wp-image-101\" width=\"300\" height=\"250\"\/><\/figure><\/center>\n\n\n\n<center><figure class=\"wp-block-image\"><img loading=\"lazy\" decoding=\"async\" src=\"http:\/\/www.danismanlikmes.com\/wp-content\/uploads\/2025\/01\/mayfren.png\" alt=\"\" class=\"wp-image-102\" width=\"300\" height=\"250\"\/><\/figure><\/center>\n\n\n\n<center><figure class=\"wp-block-image\"><img loading=\"lazy\" decoding=\"async\" src=\"https:\/\/www.danismanlikmes.com\/wp-content\/uploads\/2025\/01\/WhatsApp-Image-2025-01-25-at-20.40.42.jpeg\" alt=\"\" class=\"wp-image-118\" width=\"300\" height=\"250\"\/><\/figure><\/center>\n\n\n\n<center><figure class=\"wp-block-image\"><img loading=\"lazy\" decoding=\"async\" src=\"https:\/\/www.danismanlikmes.com\/wp-content\/uploads\/2025\/03\/inoplast.jpg\" alt=\"\" class=\"wp-image-138\" width=\"300\" height=\"250\"\/><\/figure><\/center>\n","protected":false},"excerpt":{"rendered":"<p>Referanslar\u0131m\u0131z Kuruldu\u011fumuz g\u00fcnden bu yana bir\u00e7ok i\u015fletmeye mesleki geli\u015fim, belgelendirme ve te\u015fvik s\u00fcre\u00e7lerinde profesyonel hizmetler sunarak yanlar\u0131nda yer ald\u0131k. Farkl\u0131 sekt\u00f6rlerde faaliyet g\u00f6steren firmalar\u0131n ihtiya\u00e7lar\u0131na \u00f6zel \u00e7\u00f6z\u00fcmler \u00fcreterek, onlar\u0131n hedeflerine ula\u015fmalar\u0131nda katk\u0131da bulunmaktan gurur duyuyoruz. \u00c7\u00f6z\u00fcm orta\u011f\u0131 oldu\u011fumuz i\u015fletmeler aras\u0131nda \u015funlar yer almaktad\u0131r: \u00dcretim ve sanayi sekt\u00f6r\u00fcnde faaliyet g\u00f6steren fabrikalar, Hizmet sekt\u00f6r\u00fc ve k\u00fc\u00e7\u00fck \u00f6l\u00e7ekli [&hellip;]<\/p>\n","protected":false},"author":1,"featured_media":0,"parent":0,"menu_order":0,"comment_status":"closed","ping_status":"closed","template":"","meta":{"footnotes":""},"class_list":["post-79","page","type-page","status-publish","hentry"],"_links":{"self":[{"href":"https:\/\/www.danismanlikmes.com\/index.php\/wp-json\/wp\/v2\/pages\/79","targetHints":{"allow":["GET"]}}],"collection":[{"href":"https:\/\/www.danismanlikmes.com\/index.php\/wp-json\/wp\/v2\/pages"}],"about":[{"href":"https:\/\/www.danismanlikmes.com\/index.php\/wp-json\/wp\/v2\/types\/page"}],"author":[{"embeddable":true,"href":"https:\/\/www.danismanlikmes.com\/index.php\/wp-json\/wp\/v2\/users\/1"}],"replies":[{"embeddable":true,"href":"https:\/\/www.danismanlikmes.com\/index.php\/wp-json\/wp\/v2\/comments?post=79"}],"version-history":[{"count":28,"href":"https:\/\/www.danismanlikmes.com\/index.php\/wp-json\/wp\/v2\/pages\/79\/revisions"}],"predecessor-version":[{"id":139,"href":"https:\/\/www.danismanlikmes.com\/index.php\/wp-json\/wp\/v2\/pages\/79\/revisions\/139"}],"wp:attachment":[{"href":"https:\/\/www.danismanlikmes.com\/index.php\/wp-json\/wp\/v2\/media?parent=79"}],"curies":[{"name":"wp","href":"https:\/\/api.w.org\/{rel}","templated":true}]}}